{"id":3108,"date":"2022-04-20T17:31:38","date_gmt":"2022-04-20T17:31:38","guid":{"rendered":"https:\/\/cbedard.com\/my-account\/"},"modified":"2022-06-07T16:25:45","modified_gmt":"2022-06-07T16:25:45","slug":"my-account","status":"publish","type":"page","link":"https:\/\/cbedard.com\/en\/my-account\/","title":{"rendered":"My Account"},"content":{"rendered":"<div class=\"woocommerce\"><\/div>\n","protected":false},"excerpt":{"rendered":"","protected":false},"author":2,"featured_media":0,"parent":0,"menu_order":0,"comment_status":"closed","ping_status":"closed","template":"","meta":{"_acf_changed":false,"footnotes":""},"class_list":["post-3108","page","type-page","status-publish","hentry"],"acf":[],"yoast_head":"<!-- This site is optimized with the Yoast SEO plugin v27.4 - https:\/\/yoast.com\/product\/yoast-seo-wordpress\/ -->\n<title>My Account - Entreprise De R&eacute;frig&eacute;ration &amp; Climatisation Claude B&eacute;dard (1995) Inc<\/title>\n<meta name=\"robots\" content=\"index, follow, max-snippet:-1, max-image-preview:large, max-video-preview:-1\" \/>\n<link rel=\"canonical\" href=\"https:\/\/cbedard.com\/en\/my-account\/\" \/>\n<meta property=\"og:locale\" content=\"en_US\" \/>\n<meta property=\"og:type\" content=\"article\" \/>\n<meta property=\"og:title\" content=\"My Account - Entreprise De R&eacute;frig&eacute;ration &amp; Climatisation Claude B&eacute;dard (1995) Inc\" \/>\n<meta property=\"og:url\" content=\"https:\/\/cbedard.com\/en\/my-account\/\" \/>\n<meta property=\"og:site_name\" content=\"Entreprise De R&eacute;frig&eacute;ration &amp; Climatisation Claude B&eacute;dard (1995) Inc\" \/>\n<meta property=\"article:publisher\" content=\"https:\/\/www.facebook.com\/climatisationbedard\/\" \/>\n<meta property=\"article:modified_time\" content=\"2022-06-07T16:25:45+00:00\" \/>\n<meta name=\"twitter:card\" content=\"summary_large_image\" \/>\n<script type=\"application\/ld+json\" class=\"yoast-schema-graph\">{\"@context\":\"https:\\\/\\\/schema.org\",\"@graph\":[{\"@type\":\"WebPage\",\"@id\":\"https:\\\/\\\/cbedard.com\\\/en\\\/my-account\\\/\",\"url\":\"https:\\\/\\\/cbedard.com\\\/en\\\/my-account\\\/\",\"name\":\"My Account - Entreprise De R&eacute;frig&eacute;ration &amp; Climatisation Claude B&eacute;dard (1995) Inc\",\"isPartOf\":{\"@id\":\"https:\\\/\\\/cbedard.com\\\/en\\\/#website\"},\"datePublished\":\"2022-04-20T17:31:38+00:00\",\"dateModified\":\"2022-06-07T16:25:45+00:00\",\"breadcrumb\":{\"@id\":\"https:\\\/\\\/cbedard.com\\\/en\\\/my-account\\\/#breadcrumb\"},\"inLanguage\":\"en-CA\",\"potentialAction\":[{\"@type\":\"ReadAction\",\"target\":[\"https:\\\/\\\/cbedard.com\\\/en\\\/my-account\\\/\"]}]},{\"@type\":\"BreadcrumbList\",\"@id\":\"https:\\\/\\\/cbedard.com\\\/en\\\/my-account\\\/#breadcrumb\",\"itemListElement\":[{\"@type\":\"ListItem\",\"position\":1,\"name\":\"Accueil\",\"item\":\"https:\\\/\\\/cbedard.com\\\/en\\\/\"},{\"@type\":\"ListItem\",\"position\":2,\"name\":\"My Account\"}]},{\"@type\":\"WebSite\",\"@id\":\"https:\\\/\\\/cbedard.com\\\/en\\\/#website\",\"url\":\"https:\\\/\\\/cbedard.com\\\/en\\\/\",\"name\":\"Entreprise De R&eacute;frig&eacute;ration &amp; Climatisation Claude B&eacute;dard (1995) Inc\",\"description\":\"\",\"publisher\":{\"@id\":\"https:\\\/\\\/cbedard.com\\\/en\\\/#organization\"},\"potentialAction\":[{\"@type\":\"SearchAction\",\"target\":{\"@type\":\"EntryPoint\",\"urlTemplate\":\"https:\\\/\\\/cbedard.com\\\/en\\\/?s={search_term_string}\"},\"query-input\":{\"@type\":\"PropertyValueSpecification\",\"valueRequired\":true,\"valueName\":\"search_term_string\"}}],\"inLanguage\":\"en-CA\"},{\"@type\":\"Organization\",\"@id\":\"https:\\\/\\\/cbedard.com\\\/en\\\/#organization\",\"name\":\"Entreprise De R\u00e9frig\u00e9ration et Climatisation Claude B\u00e9dard (1995) Inc\",\"url\":\"https:\\\/\\\/cbedard.com\\\/en\\\/\",\"logo\":{\"@type\":\"ImageObject\",\"inLanguage\":\"en-CA\",\"@id\":\"https:\\\/\\\/cbedard.com\\\/en\\\/#\\\/schema\\\/logo\\\/image\\\/\",\"url\":\"https:\\\/\\\/cbedard.com\\\/wp-content\\\/uploads\\\/logo-bedard-150h_opt_TRANSP-rep.png\",\"contentUrl\":\"https:\\\/\\\/cbedard.com\\\/wp-content\\\/uploads\\\/logo-bedard-150h_opt_TRANSP-rep.png\",\"width\":408,\"height\":150,\"caption\":\"Entreprise De R\u00e9frig\u00e9ration et Climatisation Claude B\u00e9dard (1995) Inc\"},\"image\":{\"@id\":\"https:\\\/\\\/cbedard.com\\\/en\\\/#\\\/schema\\\/logo\\\/image\\\/\"},\"sameAs\":[\"https:\\\/\\\/www.facebook.com\\\/climatisationbedard\\\/\",\"https:\\\/\\\/www.linkedin.com\\\/company\\\/climatisation-claude-bedard\\\/\"]}]}<\/script>\n<!-- \/ Yoast SEO plugin. -->","yoast_head_json":{"title":"My Account - Entreprise De R&eacute;frig&eacute;ration &amp; Climatisation Claude B&eacute;dard (1995) Inc","robots":{"index":"index","follow":"follow","max-snippet":"max-snippet:-1","max-image-preview":"max-image-preview:large","max-video-preview":"max-video-preview:-1"},"canonical":"https:\/\/cbedard.com\/en\/my-account\/","og_locale":"en_US","og_type":"article","og_title":"My Account - Entreprise De R&eacute;frig&eacute;ration &amp; Climatisation Claude B&eacute;dard (1995) Inc","og_url":"https:\/\/cbedard.com\/en\/my-account\/","og_site_name":"Entreprise De R&eacute;frig&eacute;ration &amp; Climatisation Claude B&eacute;dard (1995) Inc","article_publisher":"https:\/\/www.facebook.com\/climatisationbedard\/","article_modified_time":"2022-06-07T16:25:45+00:00","twitter_card":"summary_large_image","schema":{"@context":"https:\/\/schema.org","@graph":[{"@type":"WebPage","@id":"https:\/\/cbedard.com\/en\/my-account\/","url":"https:\/\/cbedard.com\/en\/my-account\/","name":"My Account - Entreprise De R&eacute;frig&eacute;ration &amp; Climatisation Claude B&eacute;dard (1995) Inc","isPartOf":{"@id":"https:\/\/cbedard.com\/en\/#website"},"datePublished":"2022-04-20T17:31:38+00:00","dateModified":"2022-06-07T16:25:45+00:00","breadcrumb":{"@id":"https:\/\/cbedard.com\/en\/my-account\/#breadcrumb"},"inLanguage":"en-CA","potentialAction":[{"@type":"ReadAction","target":["https:\/\/cbedard.com\/en\/my-account\/"]}]},{"@type":"BreadcrumbList","@id":"https:\/\/cbedard.com\/en\/my-account\/#breadcrumb","itemListElement":[{"@type":"ListItem","position":1,"name":"Accueil","item":"https:\/\/cbedard.com\/en\/"},{"@type":"ListItem","position":2,"name":"My Account"}]},{"@type":"WebSite","@id":"https:\/\/cbedard.com\/en\/#website","url":"https:\/\/cbedard.com\/en\/","name":"Entreprise De R&eacute;frig&eacute;ration &amp; Climatisation Claude B&eacute;dard (1995) Inc","description":"","publisher":{"@id":"https:\/\/cbedard.com\/en\/#organization"},"potentialAction":[{"@type":"SearchAction","target":{"@type":"EntryPoint","urlTemplate":"https:\/\/cbedard.com\/en\/?s={search_term_string}"},"query-input":{"@type":"PropertyValueSpecification","valueRequired":true,"valueName":"search_term_string"}}],"inLanguage":"en-CA"},{"@type":"Organization","@id":"https:\/\/cbedard.com\/en\/#organization","name":"Entreprise De R\u00e9frig\u00e9ration et Climatisation Claude B\u00e9dard (1995) Inc","url":"https:\/\/cbedard.com\/en\/","logo":{"@type":"ImageObject","inLanguage":"en-CA","@id":"https:\/\/cbedard.com\/en\/#\/schema\/logo\/image\/","url":"https:\/\/cbedard.com\/wp-content\/uploads\/logo-bedard-150h_opt_TRANSP-rep.png","contentUrl":"https:\/\/cbedard.com\/wp-content\/uploads\/logo-bedard-150h_opt_TRANSP-rep.png","width":408,"height":150,"caption":"Entreprise De R\u00e9frig\u00e9ration et Climatisation Claude B\u00e9dard (1995) Inc"},"image":{"@id":"https:\/\/cbedard.com\/en\/#\/schema\/logo\/image\/"},"sameAs":["https:\/\/www.facebook.com\/climatisationbedard\/","https:\/\/www.linkedin.com\/company\/climatisation-claude-bedard\/"]}]}},"_links":{"self":[{"href":"https:\/\/cbedard.com\/en\/wp-json\/wp\/v2\/pages\/3108","targetHints":{"allow":["GET"]}}],"collection":[{"href":"https:\/\/cbedard.com\/en\/wp-json\/wp\/v2\/pages"}],"about":[{"href":"https:\/\/cbedard.com\/en\/wp-json\/wp\/v2\/types\/page"}],"author":[{"embeddable":true,"href":"https:\/\/cbedard.com\/en\/wp-json\/wp\/v2\/users\/2"}],"replies":[{"embeddable":true,"href":"https:\/\/cbedard.com\/en\/wp-json\/wp\/v2\/comments?post=3108"}],"version-history":[{"count":0,"href":"https:\/\/cbedard.com\/en\/wp-json\/wp\/v2\/pages\/3108\/revisions"}],"wp:attachment":[{"href":"https:\/\/cbedard.com\/en\/wp-json\/wp\/v2\/media?parent=3108"}],"curies":[{"name":"wp","href":"https:\/\/api.w.org\/{rel}","templated":true}]}}